{"id":2,"date":"2014-01-05T03:16:46","date_gmt":"2014-01-05T03:16:46","guid":{"rendered":"https:\/\/vidracariasassi.com.br\/?page_id=2"},"modified":"2014-01-25T01:26:42","modified_gmt":"2014-01-25T03:26:42","slug":"sample-page","status":"publish","type":"page","link":"https:\/\/vidracariasassi.com.br\/?page_id=2","title":{"rendered":"Empresa"},"content":{"rendered":"<p><strong>Seja bem-vindo ao site da Vidra\u00e7aria Sassi.<\/strong><\/p>\n<p>A empresa tem orgulho de estar h\u00e1 25 anos no mercado de vidros, espelhos, boxes e molduras.<\/p>\n<p>Com sede pr\u00f3pria, localizada no Centro do Rio de Janeiro, na Av. Nossa Senhora de F\u00e1tima, nr 86, \u00a0n\u00f3s oferecemos os nossos melhores produtos e servi\u00e7os.<\/p>\n<p>Precisa de um or\u00e7amento? Enviamos em at\u00e9 24 horas. Solicite uma visita ao local sem compromisso.<\/p>\n<p>Venha nos visitar, estamos ao seu dispor.<\/p>\n","protected":false},"excerpt":{"rendered":"<p>Seja bem-vindo ao site da Vidra\u00e7aria Sassi. A empresa tem orgulho de estar h\u00e1 25 anos no mercado de vidros, espelhos, boxes e molduras. Com sede pr\u00f3pria, localizada no Centro do Rio de Janeiro, na Av. Nossa Senhora de F\u00e1tima, nr 86, \u00a0n\u00f3s oferecemos os nossos melhores produtos e servi\u00e7os. Precisa de um or\u00e7amento? Enviamos [&hellip;]<\/p>\n","protected":false},"author":1,"featured_media":0,"parent":0,"menu_order":0,"comment_status":"open","ping_status":"open","template":"","meta":{"footnotes":""},"class_list":["post-2","page","type-page","status-publish","hentry"],"_links":{"self":[{"href":"https:\/\/vidracariasassi.com.br\/index.php?rest_route=\/wp\/v2\/pages\/2","targetHints":{"allow":["GET"]}}],"collection":[{"href":"https:\/\/vidracariasassi.com.br\/index.php?rest_route=\/wp\/v2\/pages"}],"about":[{"href":"https:\/\/vidracariasassi.com.br\/index.php?rest_route=\/wp\/v2\/types\/page"}],"author":[{"embeddable":true,"href":"https:\/\/vidracariasassi.com.br\/index.php?rest_route=\/wp\/v2\/users\/1"}],"replies":[{"embeddable":true,"href":"https:\/\/vidracariasassi.com.br\/index.php?rest_route=%2Fwp%2Fv2%2Fcomments&post=2"}],"version-history":[{"count":5,"href":"https:\/\/vidracariasassi.com.br\/index.php?rest_route=\/wp\/v2\/pages\/2\/revisions"}],"predecessor-version":[{"id":209,"href":"https:\/\/vidracariasassi.com.br\/index.php?rest_route=\/wp\/v2\/pages\/2\/revisions\/209"}],"wp:attachment":[{"href":"https:\/\/vidracariasassi.com.br\/index.php?rest_route=%2Fwp%2Fv2%2Fmedia&parent=2"}],"curies":[{"name":"wp","href":"https:\/\/api.w.org\/{rel}","templated":true}]}}